{"id":77,"date":"2019-04-21T00:49:06","date_gmt":"2019-04-20T22:49:06","guid":{"rendered":"http:\/\/www.kirchenbau-mittelalter.de\/?page_id=77"},"modified":"2019-04-22T09:36:50","modified_gmt":"2019-04-22T07:36:50","slug":"quellen-nachweise","status":"publish","type":"page","link":"https:\/\/www.kirchenbau-mittelalter.de\/en\/quellen-nachweise\/","title":{"rendered":"Sources"},"content":{"rendered":"\n<p><strong>Based on internet research 2008, may not be accessible any more.<br>Please understand that the following links get you away from our website, we are not responsible for the linked content you may find! <\/strong><\/p>\n\n\n\n<p>[1a]&nbsp;http:\/\/de.encarta.msn.com\/encyclopedia_761563231\/Basilika.html<br><\/p>\n\n\n\n<p>[1b]&nbsp;http:\/\/www.roma-antiqua.de\/antikes_rom\/forum_romanum\/basilica_maxentia<\/p>\n\n\n\n<p>[1c] Artikel&nbsp;<em>Hallenkirche.<\/em>&nbsp;In: Wikipedia, Die freie Enzyklop\u00e4die. Bearbeitungsstand: 16. August 2007, 18:59 UTC. URL:&nbsp;http:\/\/de.wikipedia.org\/w\/index.php?title=Hallenkirche&amp;oldid=35629076&nbsp;&nbsp;(Abgerufen: 22. August 2007, 15:29 UTC)<\/p>\n\n\n\n<p>[2a] Ulrich Coenen, 1999,&nbsp;http:\/\/www.hausarbeiten.de\/faecher\/hausarbeit\/arc\/21920.html&nbsp;sowie&nbsp;http:\/\/www.ulrich-coenen.de\/forschung2.htm&nbsp;&nbsp;&nbsp;&nbsp;<\/p>\n\n\n\n<p>[3a] Artikel&nbsp;<em>Backstein.<\/em>&nbsp;In: Wikipedia, Die freie Enzyklop\u00e4die. Bearbeitungsstand: 3. August 2007, 12:17 UTC. URL:&nbsp;http:\/\/de.wikipedia.org\/w\/index.php?title=Backstein&amp;oldid=35131567 &nbsp;(Abgerufen: 22. August 2007, 20:43 UTC)<\/p>\n\n\n\n<p>[4a] Werkmeisterb\u00fccher&nbsp;Artikel&nbsp;<em>Werkmeisterb\u00fccher.<\/em>&nbsp;In: Wikipedia, Die freie Enzyklop\u00e4die. Bearbeitungsstand: 3. September 2006, 14:01 UTC. URL:http:\/\/de.wikipedia.org\/w\/index.php?title=Werkmeisterb%C3%BCcher&amp;oldid=21011389 <a href=\"http:\/\/de.wikipedia.org\/w\/index.php?title=Werkmeisterb%C3%BCcher&amp;oldid=21011389\">&nbsp;<\/a>(Abgerufen: 22. Juli 2007, 15:43 UTC)<\/p>\n\n\n\n<p>[4b] Ulrich Harsch, 2004&nbsp;http:\/\/www.fh-augsburg.de\/~harsch\/germanica\/Chronologie\/15Jh\/Roriczer\/ror_g04v.html<\/p>\n\n\n\n<p>[4c] Prof. Dr.-Ing. Stefan M. Holzer, Institut f\u00fcr Mathematik und Bauinformatik, Universit\u00e4t der Bundeswehr M\u00fcnchen&nbsp;http:\/\/www.unibw.de\/bauv1\/lehre\/Bauwissenschaft&nbsp;dann unten auf \u201eMittelalter.pdf\u201c<\/p>\n\n\n\n<p>[4d] Franz Pl\u00f6tzl,&nbsp;http:\/\/www.ploetzl.at\/pub\/derturm\/fr_turm_2_701.htm<\/p>\n\n\n\n<p>[5a] Artikel&nbsp;<em>Kran.<\/em>&nbsp;In: Wikipedia, Die freie Enzyklop\u00e4die. Bearbeitungsstand: 22. August 2007, 09:56 UTC. URL:&nbsp;http:\/\/de.wikipedia.org\/w\/index.php?title=Kran&amp;oldid=35833050&nbsp;(Abgerufen: 23. August 2007, 17:40 UTC)<\/p>\n","protected":false},"excerpt":{"rendered":"<p>Based on internet research 2008, may not be accessible any more.Please understand that the following links get you away from our website, we are not responsible for the linked content you may find! [1a]&nbsp;http:\/\/de.encarta.msn.com\/encyclopedia_761563231\/Basilika.html [1b]&nbsp;http:\/\/www.roma-antiqua.de\/antikes_rom\/forum_romanum\/basilica_maxentia [1c] Artikel&nbsp;Hallenkirche.&nbsp;In: Wikipedia, Die freie Enzyklop\u00e4die. Bearbeitungsstand: 16. August 2007, 18:59 UTC. URL:&nbsp;http:\/\/de.wikipedia.org\/w\/index.php?title=Hallenkirche&amp;oldid=35629076&nbsp;&nbsp;(Abgerufen: 22. August 2007, 15:29 UTC) [2a] Ulrich &hellip; <\/p>\n<p class=\"link-more\"><a href=\"https:\/\/www.kirchenbau-mittelalter.de\/en\/quellen-nachweise\/\" class=\"more-link\">Continue reading<span class=\"screen-reader-text\"> &#8220;Sources&#8221;<\/span><\/a><\/p>\n","protected":false},"author":1,"featured_media":0,"parent":0,"menu_order":0,"comment_status":"closed","ping_status":"closed","template":"","meta":{"footnotes":""},"class_list":["post-77","page","type-page","status-publish","hentry"],"translation":{"provider":"WPGlobus","version":"2.10.7","language":"en","enabled_languages":["de","en"],"languages":{"de":{"title":true,"content":true,"excerpt":false},"en":{"title":true,"content":true,"excerpt":false}}},"_links":{"self":[{"href":"https:\/\/www.kirchenbau-mittelalter.de\/en\/wp-json\/wp\/v2\/pages\/77","targetHints":{"allow":["GET"]}}],"collection":[{"href":"https:\/\/www.kirchenbau-mittelalter.de\/en\/wp-json\/wp\/v2\/pages"}],"about":[{"href":"https:\/\/www.kirchenbau-mittelalter.de\/en\/wp-json\/wp\/v2\/types\/page"}],"author":[{"embeddable":true,"href":"https:\/\/www.kirchenbau-mittelalter.de\/en\/wp-json\/wp\/v2\/users\/1"}],"replies":[{"embeddable":true,"href":"https:\/\/www.kirchenbau-mittelalter.de\/en\/wp-json\/wp\/v2\/comments?post=77"}],"version-history":[{"count":5,"href":"https:\/\/www.kirchenbau-mittelalter.de\/en\/wp-json\/wp\/v2\/pages\/77\/revisions"}],"predecessor-version":[{"id":139,"href":"https:\/\/www.kirchenbau-mittelalter.de\/en\/wp-json\/wp\/v2\/pages\/77\/revisions\/139"}],"wp:attachment":[{"href":"https:\/\/www.kirchenbau-mittelalter.de\/en\/wp-json\/wp\/v2\/media?parent=77"}],"curies":[{"name":"wp","href":"https:\/\/api.w.org\/{rel}","templated":true}]}}